{"id":3712,"date":"2020-07-22T08:57:09","date_gmt":"2020-07-22T07:57:09","guid":{"rendered":"https:\/\/endorfeen.com\/a-propos-de-nous\/"},"modified":"2022-07-26T21:44:40","modified_gmt":"2022-07-26T20:44:40","slug":"a-propos-de-nous","status":"publish","type":"page","link":"https:\/\/endorfeen.com\/fr\/a-propos-de-nous\/","title":{"rendered":"\u00c0 propos de nous"},"content":{"rendered":"\n<div class=\"wp-block-columns is-layout-flex wp-container-core-columns-is-layout-9d6595d7 wp-block-columns-is-layout-flex\">\n<div class=\"wp-block-column is-layout-flow wp-block-column-is-layout-flow\" style=\"flex-basis:66%\">\n<p><strong>endorfeen<\/strong> est n\u00e9 d&rsquo;une v\u00e9rit\u00e9 durable &#8211; le d\u00e9sir d&rsquo;explorer et de se connecter avec la nature \u00e0 travers des activit\u00e9s cr\u00e9ant des souvenirs pour la vie.<\/p>\n\n\n\n<p>endorfeen vous permet de d\u00e9couvrir certains des plus grands terrains de jeux d&rsquo;aventure au monde. Nous cherchons \u00e0 am\u00e9liorer votre connaissance du monde dans lequel vous vivez en vous pr\u00e9sentant une communaut\u00e9 croissante de proph\u00e8tes, de marques, d&rsquo;\u00e9quipements et de lieux embl\u00e9matiques.<\/p>\n\n\n\n<p>Nous avons construit une maison pour l&rsquo;aventure, la nature et le plein air dans le monde entier en partageant leurs histoires, en mettant en valeur leurs talents et en les mettant \u00e0 la disposition de notre public dans une multitude de cat\u00e9gories.<\/p>\n\n\n\n<p><strong>Rejoignez notre religion. In nature we trust.<\/strong><\/p>\n<\/div>\n\n\n\n<div class=\"wp-block-column is-layout-flow wp-block-column-is-layout-flow\"><\/div>\n<\/div>\n\n<figure class=\"wp-block-image alignfull size-large\"><img loading=\"lazy\" decoding=\"async\" width=\"1024\" height=\"683\" src=\"https:\/\/endorfeen.com\/wp-content\/uploads\/2020\/10\/aiguilles-de-chamonix-1024x683.jpg\" alt=\"aiguilles de chamonix\" class=\"wp-image-159\" srcset=\"https:\/\/endorfeen.com\/wp-content\/uploads\/2020\/10\/aiguilles-de-chamonix-300x200.jpg 300w, https:\/\/endorfeen.com\/wp-content\/uploads\/2020\/10\/aiguilles-de-chamonix-600x400.jpg 600w, https:\/\/endorfeen.com\/wp-content\/uploads\/2020\/10\/aiguilles-de-chamonix-768x512.jpg 768w, https:\/\/endorfeen.com\/wp-content\/uploads\/2020\/10\/aiguilles-de-chamonix-1024x683.jpg 1024w, https:\/\/endorfeen.com\/wp-content\/uploads\/2020\/10\/aiguilles-de-chamonix-1536x1024.jpg 1536w, https:\/\/endorfeen.com\/wp-content\/uploads\/2020\/10\/aiguilles-de-chamonix-scaled.jpg 2048w\" sizes=\"auto, (max-width: 1024px) 100vw, 1024px\" \/><\/figure>\n","protected":false},"excerpt":{"rendered":"<p>endorfeen est n\u00e9 d&rsquo;une v\u00e9rit\u00e9 durable &#8211; le d\u00e9sir d&rsquo;explorer et de se connecter avec la nature \u00e0 travers des activit\u00e9s cr\u00e9ant des souvenirs pour la vie. endorfeen vous permet de d\u00e9couvrir certains des plus grands terrains de jeux d&rsquo;aventure au monde. Nous cherchons \u00e0 am\u00e9liorer votre connaissance du monde dans lequel vous vivez en &hellip;<\/p>\n","protected":false},"author":1,"featured_media":0,"parent":0,"menu_order":0,"comment_status":"closed","ping_status":"closed","template":"","meta":{"_acf_changed":false,"_genesis_hide_title":false,"_genesis_hide_breadcrumbs":false,"_genesis_hide_singular_image":false,"_genesis_hide_footer_widgets":false,"_genesis_custom_body_class":"","_genesis_custom_post_class":"","_genesis_layout":"","footnotes":""},"class_list":{"1":"page","2":"type-page","5":"entry"},"yoast_head":"<!-- This site is optimized with the Yoast SEO Premium plugin v26.2 (Yoast SEO v26.2) - https:\/\/yoast.com\/wordpress\/plugins\/seo\/ -->\n<title>\u00c0 propos de nous - endorfeen<\/title>\n<meta name=\"robots\" content=\"index, follow, max-snippet:-1, max-image-preview:large, max-video-preview:-1\" \/>\n<link rel=\"canonical\" href=\"https:\/\/endorfeen.com\/fr\/a-propos-de-nous\/\" \/>\n<meta property=\"og:locale\" content=\"fr_FR\" \/>\n<meta property=\"og:type\" content=\"article\" \/>\n<meta property=\"og:title\" content=\"\u00c0 propos de nous\" \/>\n<meta property=\"og:description\" content=\"endorfeen est n\u00e9 d&rsquo;une v\u00e9rit\u00e9 durable &#8211; le d\u00e9sir d&rsquo;explorer et de se connecter avec la nature \u00e0 travers des activit\u00e9s cr\u00e9ant des souvenirs pour la vie. endorfeen vous permet de d\u00e9couvrir certains des plus grands terrains de jeux d&rsquo;aventure au monde. Nous cherchons \u00e0 am\u00e9liorer votre connaissance du monde dans lequel vous vivez en &hellip;\" \/>\n<meta property=\"og:url\" content=\"https:\/\/endorfeen.com\/fr\/a-propos-de-nous\/\" \/>\n<meta property=\"og:site_name\" content=\"endorfeen\" \/>\n<meta property=\"article:modified_time\" content=\"2022-07-26T20:44:40+00:00\" \/>\n<meta property=\"og:image\" content=\"https:\/\/endorfeen.com\/wp-content\/uploads\/2020\/10\/aiguilles-de-chamonix-1024x683.jpg\" \/>\n<meta name=\"twitter:card\" content=\"summary_large_image\" \/>\n<meta name=\"twitter:label1\" content=\"Dur\u00e9e de lecture estim\u00e9e\" \/>\n\t<meta name=\"twitter:data1\" content=\"1 minute\" \/>\n<script type=\"application\/ld+json\" class=\"yoast-schema-graph\">{\"@context\":\"https:\/\/schema.org\",\"@graph\":[{\"@type\":\"WebPage\",\"@id\":\"https:\/\/endorfeen.com\/fr\/a-propos-de-nous\/\",\"url\":\"https:\/\/endorfeen.com\/fr\/a-propos-de-nous\/\",\"name\":\"\u00c0 propos de nous - endorfeen\",\"isPartOf\":{\"@id\":\"https:\/\/endorfeen.com\/fr\/#website\"},\"primaryImageOfPage\":{\"@id\":\"https:\/\/endorfeen.com\/fr\/a-propos-de-nous\/#primaryimage\"},\"image\":{\"@id\":\"https:\/\/endorfeen.com\/fr\/a-propos-de-nous\/#primaryimage\"},\"thumbnailUrl\":\"https:\/\/endorfeen.com\/wp-content\/uploads\/2020\/10\/aiguilles-de-chamonix-1024x683.jpg\",\"datePublished\":\"2020-07-22T07:57:09+00:00\",\"dateModified\":\"2022-07-26T20:44:40+00:00\",\"breadcrumb\":{\"@id\":\"https:\/\/endorfeen.com\/fr\/a-propos-de-nous\/#breadcrumb\"},\"inLanguage\":\"fr-FR\",\"potentialAction\":[{\"@type\":\"ReadAction\",\"target\":[\"https:\/\/endorfeen.com\/fr\/a-propos-de-nous\/\"]}]},{\"@type\":\"ImageObject\",\"inLanguage\":\"fr-FR\",\"@id\":\"https:\/\/endorfeen.com\/fr\/a-propos-de-nous\/#primaryimage\",\"url\":\"https:\/\/endorfeen.com\/wp-content\/uploads\/2020\/10\/aiguilles-de-chamonix-1024x683.jpg\",\"contentUrl\":\"https:\/\/endorfeen.com\/wp-content\/uploads\/2020\/10\/aiguilles-de-chamonix-1024x683.jpg\"},{\"@type\":\"BreadcrumbList\",\"@id\":\"https:\/\/endorfeen.com\/fr\/a-propos-de-nous\/#breadcrumb\",\"itemListElement\":[{\"@type\":\"ListItem\",\"position\":1,\"name\":\"Home\",\"item\":\"https:\/\/endorfeen.com\/fr\/\"},{\"@type\":\"ListItem\",\"position\":2,\"name\":\"\u00c0 propos de nous\"}]},{\"@type\":\"WebSite\",\"@id\":\"https:\/\/endorfeen.com\/fr\/#website\",\"url\":\"https:\/\/endorfeen.com\/fr\/\",\"name\":\"endorfeen\",\"description\":\"The Media For Sustainable Outdoors.\",\"publisher\":{\"@id\":\"https:\/\/endorfeen.com\/fr\/#organization\"},\"potentialAction\":[{\"@type\":\"SearchAction\",\"target\":{\"@type\":\"EntryPoint\",\"urlTemplate\":\"https:\/\/endorfeen.com\/fr\/?s={search_term_string}\"},\"query-input\":{\"@type\":\"PropertyValueSpecification\",\"valueRequired\":true,\"valueName\":\"search_term_string\"}}],\"inLanguage\":\"fr-FR\"},{\"@type\":\"Organization\",\"@id\":\"https:\/\/endorfeen.com\/fr\/#organization\",\"name\":\"endorfeen\",\"url\":\"https:\/\/endorfeen.com\/fr\/\",\"logo\":{\"@type\":\"ImageObject\",\"inLanguage\":\"fr-FR\",\"@id\":\"https:\/\/endorfeen.com\/fr\/#\/schema\/logo\/image\/\",\"url\":\"https:\/\/endorfeen.com\/wp-content\/uploads\/2022\/06\/Circle-endorfeen-site-icon-circled-1000-x-1000-300psi.png\",\"contentUrl\":\"https:\/\/endorfeen.com\/wp-content\/uploads\/2022\/06\/Circle-endorfeen-site-icon-circled-1000-x-1000-300psi.png\",\"width\":1000,\"height\":1000,\"caption\":\"endorfeen\"},\"image\":{\"@id\":\"https:\/\/endorfeen.com\/fr\/#\/schema\/logo\/image\/\"}}]}<\/script>\n<!-- \/ Yoast SEO Premium plugin. -->","yoast_head_json":{"title":"\u00c0 propos de nous - endorfeen","robots":{"index":"index","follow":"follow","max-snippet":"max-snippet:-1","max-image-preview":"max-image-preview:large","max-video-preview":"max-video-preview:-1"},"canonical":"https:\/\/endorfeen.com\/fr\/a-propos-de-nous\/","og_locale":"fr_FR","og_type":"article","og_title":"\u00c0 propos de nous","og_description":"endorfeen est n\u00e9 d&rsquo;une v\u00e9rit\u00e9 durable &#8211; le d\u00e9sir d&rsquo;explorer et de se connecter avec la nature \u00e0 travers des activit\u00e9s cr\u00e9ant des souvenirs pour la vie. endorfeen vous permet de d\u00e9couvrir certains des plus grands terrains de jeux d&rsquo;aventure au monde. Nous cherchons \u00e0 am\u00e9liorer votre connaissance du monde dans lequel vous vivez en &hellip;","og_url":"https:\/\/endorfeen.com\/fr\/a-propos-de-nous\/","og_site_name":"endorfeen","article_modified_time":"2022-07-26T20:44:40+00:00","og_image":[{"url":"https:\/\/endorfeen.com\/wp-content\/uploads\/2020\/10\/aiguilles-de-chamonix-1024x683.jpg","type":"","width":"","height":""}],"twitter_card":"summary_large_image","twitter_misc":{"Dur\u00e9e de lecture estim\u00e9e":"1 minute"},"schema":{"@context":"https:\/\/schema.org","@graph":[{"@type":"WebPage","@id":"https:\/\/endorfeen.com\/fr\/a-propos-de-nous\/","url":"https:\/\/endorfeen.com\/fr\/a-propos-de-nous\/","name":"\u00c0 propos de nous - endorfeen","isPartOf":{"@id":"https:\/\/endorfeen.com\/fr\/#website"},"primaryImageOfPage":{"@id":"https:\/\/endorfeen.com\/fr\/a-propos-de-nous\/#primaryimage"},"image":{"@id":"https:\/\/endorfeen.com\/fr\/a-propos-de-nous\/#primaryimage"},"thumbnailUrl":"https:\/\/endorfeen.com\/wp-content\/uploads\/2020\/10\/aiguilles-de-chamonix-1024x683.jpg","datePublished":"2020-07-22T07:57:09+00:00","dateModified":"2022-07-26T20:44:40+00:00","breadcrumb":{"@id":"https:\/\/endorfeen.com\/fr\/a-propos-de-nous\/#breadcrumb"},"inLanguage":"fr-FR","potentialAction":[{"@type":"ReadAction","target":["https:\/\/endorfeen.com\/fr\/a-propos-de-nous\/"]}]},{"@type":"ImageObject","inLanguage":"fr-FR","@id":"https:\/\/endorfeen.com\/fr\/a-propos-de-nous\/#primaryimage","url":"https:\/\/endorfeen.com\/wp-content\/uploads\/2020\/10\/aiguilles-de-chamonix-1024x683.jpg","contentUrl":"https:\/\/endorfeen.com\/wp-content\/uploads\/2020\/10\/aiguilles-de-chamonix-1024x683.jpg"},{"@type":"BreadcrumbList","@id":"https:\/\/endorfeen.com\/fr\/a-propos-de-nous\/#breadcrumb","itemListElement":[{"@type":"ListItem","position":1,"name":"Home","item":"https:\/\/endorfeen.com\/fr\/"},{"@type":"ListItem","position":2,"name":"\u00c0 propos de nous"}]},{"@type":"WebSite","@id":"https:\/\/endorfeen.com\/fr\/#website","url":"https:\/\/endorfeen.com\/fr\/","name":"endorfeen","description":"The Media For Sustainable Outdoors.","publisher":{"@id":"https:\/\/endorfeen.com\/fr\/#organization"},"potentialAction":[{"@type":"SearchAction","target":{"@type":"EntryPoint","urlTemplate":"https:\/\/endorfeen.com\/fr\/?s={search_term_string}"},"query-input":{"@type":"PropertyValueSpecification","valueRequired":true,"valueName":"search_term_string"}}],"inLanguage":"fr-FR"},{"@type":"Organization","@id":"https:\/\/endorfeen.com\/fr\/#organization","name":"endorfeen","url":"https:\/\/endorfeen.com\/fr\/","logo":{"@type":"ImageObject","inLanguage":"fr-FR","@id":"https:\/\/endorfeen.com\/fr\/#\/schema\/logo\/image\/","url":"https:\/\/endorfeen.com\/wp-content\/uploads\/2022\/06\/Circle-endorfeen-site-icon-circled-1000-x-1000-300psi.png","contentUrl":"https:\/\/endorfeen.com\/wp-content\/uploads\/2022\/06\/Circle-endorfeen-site-icon-circled-1000-x-1000-300psi.png","width":1000,"height":1000,"caption":"endorfeen"},"image":{"@id":"https:\/\/endorfeen.com\/fr\/#\/schema\/logo\/image\/"}}]}},"featured_image_src":null,"featured_image_src_square":null,"acf":[],"_links":{"self":[{"href":"https:\/\/endorfeen.com\/fr\/wp-json\/wp\/v2\/pages\/3712","targetHints":{"allow":["GET"]}}],"collection":[{"href":"https:\/\/endorfeen.com\/fr\/wp-json\/wp\/v2\/pages"}],"about":[{"href":"https:\/\/endorfeen.com\/fr\/wp-json\/wp\/v2\/types\/page"}],"author":[{"embeddable":true,"href":"https:\/\/endorfeen.com\/fr\/wp-json\/wp\/v2\/users\/1"}],"replies":[{"embeddable":true,"href":"https:\/\/endorfeen.com\/fr\/wp-json\/wp\/v2\/comments?post=3712"}],"version-history":[{"count":0,"href":"https:\/\/endorfeen.com\/fr\/wp-json\/wp\/v2\/pages\/3712\/revisions"}],"wp:attachment":[{"href":"https:\/\/endorfeen.com\/fr\/wp-json\/wp\/v2\/media?parent=3712"}],"curies":[{"name":"wp","href":"https:\/\/api.w.org\/{rel}","templated":true}]}}