{"id":14130,"date":"2022-02-18T16:46:57","date_gmt":"2022-02-18T16:46:57","guid":{"rendered":"https:\/\/endorfeen.com\/unfiltered-adventure\/"},"modified":"2023-09-12T18:12:57","modified_gmt":"2023-09-12T17:12:57","slug":"unfiltered-adventure","status":"publish","type":"page","link":"https:\/\/endorfeen.com\/fr\/unfiltered-adventure\/","title":{"rendered":"Partager\/ \u00e9crire"},"content":{"rendered":"\n<div class=\"wp-block-media-text alignfull is-stacked-on-mobile\"><figure class=\"wp-block-media-text__media\"><img loading=\"lazy\" decoding=\"async\" width=\"813\" height=\"1024\" src=\"https:\/\/endorfeen.com\/wp-content\/uploads\/2022\/03\/cristina-gottardi-9TaYFMMapbA-unsplash-813x1024.jpg\" alt=\"\" class=\"wp-image-2310 size-full\" srcset=\"https:\/\/endorfeen.com\/wp-content\/uploads\/2022\/03\/cristina-gottardi-9TaYFMMapbA-unsplash-238x300.jpg 238w, https:\/\/endorfeen.com\/wp-content\/uploads\/2022\/03\/cristina-gottardi-9TaYFMMapbA-unsplash-768x968.jpg 768w, https:\/\/endorfeen.com\/wp-content\/uploads\/2022\/03\/cristina-gottardi-9TaYFMMapbA-unsplash-813x1024.jpg 813w, https:\/\/endorfeen.com\/wp-content\/uploads\/2022\/03\/cristina-gottardi-9TaYFMMapbA-unsplash-1219x1536.jpg 1219w, https:\/\/endorfeen.com\/wp-content\/uploads\/2022\/03\/cristina-gottardi-9TaYFMMapbA-unsplash.jpg 1625w\" sizes=\"auto, (max-width: 813px) 100vw, 813px\" \/><\/figure><div class=\"wp-block-media-text__content\">\n<div style=\"color:#ddd\" class=\"wp-block-genesis-blocks-gb-spacer gb-block-spacer gb-divider-solid gb-divider-size-1\"><hr style=\"height:30px\"\/><\/div>\n\n\n\n<h1 class=\"wp-block-heading\" id=\"unfiltered-adventure\">Vos r\u00e9cits<\/h1>\n\n\n\n<p>Partagez vos r\u00e9cits, astuces, recommandations&#8230; au sein d&rsquo;une communaut\u00e9 grandissante et dynamique d&rsquo;amoureux de la nature et des espaces en plein air.<\/p>\n\n\n\n<p>Notre famille de Proph\u00e8tes (nos contributeurs) est on ne peut plus diversifi\u00e9e. Rejoignez ce groupe h\u00e9t\u00e9roclite compos\u00e9 d&rsquo;amateurs, d&rsquo;athl\u00e8tes professionnels, de personnes soucieuses du climat, de guides de montagne, d&rsquo;amis&#8230;<\/p>\n\n\n\n<p>Votre histoire est la seule limite. Demandez votre acc\u00e8s et partagez vos moments les plus m\u00e9morables !<\/p>\n\n\n\n<button data-tf-slider=\"p7p9QHXV\" data-tf-width=\"550\" data-tf-iframe-props=\"title=Contributor\" data-tf-medium=\"snippet\" style=\"all:unset;font-family:inherit;display:inline-block;max-width:100%;white-space:nowrap;overflow:hidden;text-overflow:ellipsis;background-color:#000000;color:#FFFFFF;font-size:17px;border-radius:0px;padding:0 28px;font-weight:bold;height:42.5px;cursor:pointer;line-height:42.5px;text-align:center;margin:0;text-decoration:none;\">Postuler<\/button><script src=\"\/\/embed.typeform.com\/next\/embed.js\"><\/script>\n\n\n\n<div style=\"color:#ddd\" class=\"wp-block-genesis-blocks-gb-spacer gb-block-spacer gb-divider-solid gb-divider-size-1\"><hr style=\"height:30px\"\/><\/div>\n\n\n\n<p><em>ou s&rsquo;enregistrer si vous avez un comptes<\/em><\/p>\n\n\n\n<div class=\"wp-block-buttons is-layout-flex wp-block-buttons-is-layout-flex\">\n<div class=\"wp-block-button--1\"><a class=\"wp-block-button__link button button-outline wp-element-button\" href=\"https:\/\/endorfeen.com\/wp-login.php\">S&rsquo;enregistrer<\/a><\/div>\n<\/div>\n\n\n\n<div style=\"color:#ddd\" class=\"wp-block-genesis-blocks-gb-spacer gb-block-spacer gb-divider-solid gb-divider-size-1\"><hr style=\"height:30px\"\/><\/div>\n<\/div><\/div>\n\n\n","protected":false},"excerpt":{"rendered":"","protected":false},"author":1,"featured_media":0,"parent":0,"menu_order":0,"comment_status":"closed","ping_status":"closed","template":"","meta":{"_acf_changed":false,"_genesis_hide_title":false,"_genesis_hide_breadcrumbs":false,"_genesis_hide_singular_image":false,"_genesis_hide_footer_widgets":false,"_genesis_custom_body_class":"","_genesis_custom_post_class":"","_genesis_layout":"","footnotes":""},"class_list":{"1":"page","2":"type-page","5":"entry"},"yoast_head":"<!-- This site is optimized with the Yoast SEO Premium plugin v26.2 (Yoast SEO v26.2) - https:\/\/yoast.com\/wordpress\/plugins\/seo\/ -->\n<title>Partager\/ \u00e9crire - endorfeen<\/title>\n<meta name=\"robots\" content=\"index, follow, max-snippet:-1, max-image-preview:large, max-video-preview:-1\" \/>\n<link rel=\"canonical\" href=\"https:\/\/endorfeen.com\/fr\/unfiltered-adventure\/\" \/>\n<meta property=\"og:locale\" content=\"fr_FR\" \/>\n<meta property=\"og:type\" content=\"article\" \/>\n<meta property=\"og:title\" content=\"Partager\/ \u00e9crire\" \/>\n<meta property=\"og:url\" content=\"https:\/\/endorfeen.com\/fr\/unfiltered-adventure\/\" \/>\n<meta property=\"og:site_name\" content=\"endorfeen\" \/>\n<meta property=\"article:modified_time\" content=\"2023-09-12T17:12:57+00:00\" \/>\n<meta property=\"og:image\" content=\"https:\/\/endorfeen.com\/wp-content\/uploads\/2022\/03\/cristina-gottardi-9TaYFMMapbA-unsplash-813x1024.jpg\" \/>\n<meta name=\"twitter:card\" content=\"summary_large_image\" \/>\n<meta name=\"twitter:label1\" content=\"Dur\u00e9e de lecture estim\u00e9e\" \/>\n\t<meta name=\"twitter:data1\" content=\"1 minute\" \/>\n<script type=\"application\/ld+json\" class=\"yoast-schema-graph\">{\"@context\":\"https:\/\/schema.org\",\"@graph\":[{\"@type\":\"WebPage\",\"@id\":\"https:\/\/endorfeen.com\/fr\/unfiltered-adventure\/\",\"url\":\"https:\/\/endorfeen.com\/fr\/unfiltered-adventure\/\",\"name\":\"Partager\/ \u00e9crire - endorfeen\",\"isPartOf\":{\"@id\":\"https:\/\/endorfeen.com\/fr\/#website\"},\"primaryImageOfPage\":{\"@id\":\"https:\/\/endorfeen.com\/fr\/unfiltered-adventure\/#primaryimage\"},\"image\":{\"@id\":\"https:\/\/endorfeen.com\/fr\/unfiltered-adventure\/#primaryimage\"},\"thumbnailUrl\":\"https:\/\/endorfeen.com\/wp-content\/uploads\/2022\/03\/cristina-gottardi-9TaYFMMapbA-unsplash-813x1024.jpg\",\"datePublished\":\"2022-02-18T16:46:57+00:00\",\"dateModified\":\"2023-09-12T17:12:57+00:00\",\"breadcrumb\":{\"@id\":\"https:\/\/endorfeen.com\/fr\/unfiltered-adventure\/#breadcrumb\"},\"inLanguage\":\"fr-FR\",\"potentialAction\":[{\"@type\":\"ReadAction\",\"target\":[\"https:\/\/endorfeen.com\/fr\/unfiltered-adventure\/\"]}]},{\"@type\":\"ImageObject\",\"inLanguage\":\"fr-FR\",\"@id\":\"https:\/\/endorfeen.com\/fr\/unfiltered-adventure\/#primaryimage\",\"url\":\"https:\/\/endorfeen.com\/wp-content\/uploads\/2022\/03\/cristina-gottardi-9TaYFMMapbA-unsplash-813x1024.jpg\",\"contentUrl\":\"https:\/\/endorfeen.com\/wp-content\/uploads\/2022\/03\/cristina-gottardi-9TaYFMMapbA-unsplash-813x1024.jpg\"},{\"@type\":\"BreadcrumbList\",\"@id\":\"https:\/\/endorfeen.com\/fr\/unfiltered-adventure\/#breadcrumb\",\"itemListElement\":[{\"@type\":\"ListItem\",\"position\":1,\"name\":\"Home\",\"item\":\"https:\/\/endorfeen.com\/fr\/\"},{\"@type\":\"ListItem\",\"position\":2,\"name\":\"Partager\/ \u00e9crire\"}]},{\"@type\":\"WebSite\",\"@id\":\"https:\/\/endorfeen.com\/fr\/#website\",\"url\":\"https:\/\/endorfeen.com\/fr\/\",\"name\":\"endorfeen\",\"description\":\"The Media For Sustainable Outdoors.\",\"publisher\":{\"@id\":\"https:\/\/endorfeen.com\/fr\/#organization\"},\"potentialAction\":[{\"@type\":\"SearchAction\",\"target\":{\"@type\":\"EntryPoint\",\"urlTemplate\":\"https:\/\/endorfeen.com\/fr\/?s={search_term_string}\"},\"query-input\":{\"@type\":\"PropertyValueSpecification\",\"valueRequired\":true,\"valueName\":\"search_term_string\"}}],\"inLanguage\":\"fr-FR\"},{\"@type\":\"Organization\",\"@id\":\"https:\/\/endorfeen.com\/fr\/#organization\",\"name\":\"endorfeen\",\"url\":\"https:\/\/endorfeen.com\/fr\/\",\"logo\":{\"@type\":\"ImageObject\",\"inLanguage\":\"fr-FR\",\"@id\":\"https:\/\/endorfeen.com\/fr\/#\/schema\/logo\/image\/\",\"url\":\"https:\/\/endorfeen.com\/wp-content\/uploads\/2022\/06\/Circle-endorfeen-site-icon-circled-1000-x-1000-300psi.png\",\"contentUrl\":\"https:\/\/endorfeen.com\/wp-content\/uploads\/2022\/06\/Circle-endorfeen-site-icon-circled-1000-x-1000-300psi.png\",\"width\":1000,\"height\":1000,\"caption\":\"endorfeen\"},\"image\":{\"@id\":\"https:\/\/endorfeen.com\/fr\/#\/schema\/logo\/image\/\"}}]}<\/script>\n<!-- \/ Yoast SEO Premium plugin. -->","yoast_head_json":{"title":"Partager\/ \u00e9crire - endorfeen","robots":{"index":"index","follow":"follow","max-snippet":"max-snippet:-1","max-image-preview":"max-image-preview:large","max-video-preview":"max-video-preview:-1"},"canonical":"https:\/\/endorfeen.com\/fr\/unfiltered-adventure\/","og_locale":"fr_FR","og_type":"article","og_title":"Partager\/ \u00e9crire","og_url":"https:\/\/endorfeen.com\/fr\/unfiltered-adventure\/","og_site_name":"endorfeen","article_modified_time":"2023-09-12T17:12:57+00:00","og_image":[{"url":"https:\/\/endorfeen.com\/wp-content\/uploads\/2022\/03\/cristina-gottardi-9TaYFMMapbA-unsplash-813x1024.jpg","type":"","width":"","height":""}],"twitter_card":"summary_large_image","twitter_misc":{"Dur\u00e9e de lecture estim\u00e9e":"1 minute"},"schema":{"@context":"https:\/\/schema.org","@graph":[{"@type":"WebPage","@id":"https:\/\/endorfeen.com\/fr\/unfiltered-adventure\/","url":"https:\/\/endorfeen.com\/fr\/unfiltered-adventure\/","name":"Partager\/ \u00e9crire - endorfeen","isPartOf":{"@id":"https:\/\/endorfeen.com\/fr\/#website"},"primaryImageOfPage":{"@id":"https:\/\/endorfeen.com\/fr\/unfiltered-adventure\/#primaryimage"},"image":{"@id":"https:\/\/endorfeen.com\/fr\/unfiltered-adventure\/#primaryimage"},"thumbnailUrl":"https:\/\/endorfeen.com\/wp-content\/uploads\/2022\/03\/cristina-gottardi-9TaYFMMapbA-unsplash-813x1024.jpg","datePublished":"2022-02-18T16:46:57+00:00","dateModified":"2023-09-12T17:12:57+00:00","breadcrumb":{"@id":"https:\/\/endorfeen.com\/fr\/unfiltered-adventure\/#breadcrumb"},"inLanguage":"fr-FR","potentialAction":[{"@type":"ReadAction","target":["https:\/\/endorfeen.com\/fr\/unfiltered-adventure\/"]}]},{"@type":"ImageObject","inLanguage":"fr-FR","@id":"https:\/\/endorfeen.com\/fr\/unfiltered-adventure\/#primaryimage","url":"https:\/\/endorfeen.com\/wp-content\/uploads\/2022\/03\/cristina-gottardi-9TaYFMMapbA-unsplash-813x1024.jpg","contentUrl":"https:\/\/endorfeen.com\/wp-content\/uploads\/2022\/03\/cristina-gottardi-9TaYFMMapbA-unsplash-813x1024.jpg"},{"@type":"BreadcrumbList","@id":"https:\/\/endorfeen.com\/fr\/unfiltered-adventure\/#breadcrumb","itemListElement":[{"@type":"ListItem","position":1,"name":"Home","item":"https:\/\/endorfeen.com\/fr\/"},{"@type":"ListItem","position":2,"name":"Partager\/ \u00e9crire"}]},{"@type":"WebSite","@id":"https:\/\/endorfeen.com\/fr\/#website","url":"https:\/\/endorfeen.com\/fr\/","name":"endorfeen","description":"The Media For Sustainable Outdoors.","publisher":{"@id":"https:\/\/endorfeen.com\/fr\/#organization"},"potentialAction":[{"@type":"SearchAction","target":{"@type":"EntryPoint","urlTemplate":"https:\/\/endorfeen.com\/fr\/?s={search_term_string}"},"query-input":{"@type":"PropertyValueSpecification","valueRequired":true,"valueName":"search_term_string"}}],"inLanguage":"fr-FR"},{"@type":"Organization","@id":"https:\/\/endorfeen.com\/fr\/#organization","name":"endorfeen","url":"https:\/\/endorfeen.com\/fr\/","logo":{"@type":"ImageObject","inLanguage":"fr-FR","@id":"https:\/\/endorfeen.com\/fr\/#\/schema\/logo\/image\/","url":"https:\/\/endorfeen.com\/wp-content\/uploads\/2022\/06\/Circle-endorfeen-site-icon-circled-1000-x-1000-300psi.png","contentUrl":"https:\/\/endorfeen.com\/wp-content\/uploads\/2022\/06\/Circle-endorfeen-site-icon-circled-1000-x-1000-300psi.png","width":1000,"height":1000,"caption":"endorfeen"},"image":{"@id":"https:\/\/endorfeen.com\/fr\/#\/schema\/logo\/image\/"}}]}},"featured_image_src":null,"featured_image_src_square":null,"acf":[],"_links":{"self":[{"href":"https:\/\/endorfeen.com\/fr\/wp-json\/wp\/v2\/pages\/14130","targetHints":{"allow":["GET"]}}],"collection":[{"href":"https:\/\/endorfeen.com\/fr\/wp-json\/wp\/v2\/pages"}],"about":[{"href":"https:\/\/endorfeen.com\/fr\/wp-json\/wp\/v2\/types\/page"}],"author":[{"embeddable":true,"href":"https:\/\/endorfeen.com\/fr\/wp-json\/wp\/v2\/users\/1"}],"replies":[{"embeddable":true,"href":"https:\/\/endorfeen.com\/fr\/wp-json\/wp\/v2\/comments?post=14130"}],"version-history":[{"count":0,"href":"https:\/\/endorfeen.com\/fr\/wp-json\/wp\/v2\/pages\/14130\/revisions"}],"wp:attachment":[{"href":"https:\/\/endorfeen.com\/fr\/wp-json\/wp\/v2\/media?parent=14130"}],"curies":[{"name":"wp","href":"https:\/\/api.w.org\/{rel}","templated":true}]}}